{"id":277,"date":"2024-03-16T15:50:51","date_gmt":"2024-03-16T14:50:51","guid":{"rendered":"https:\/\/binario1rooms.it\/?page_id=277"},"modified":"2024-04-03T15:21:11","modified_gmt":"2024-04-03T13:21:11","slug":"chi-siamo","status":"publish","type":"page","link":"https:\/\/binario1rooms.it\/index.php\/chi-siamo\/","title":{"rendered":"Chi siamo"},"content":{"rendered":"<p>[et_pb_section fb_built=&#8221;1&#8243; _builder_version=&#8221;4.21.2&#8243; _module_preset=&#8221;default&#8221; global_colors_info=&#8221;{}&#8221;][et_pb_row _builder_version=&#8221;4.21.2&#8243; _module_preset=&#8221;default&#8221; global_colors_info=&#8221;{}&#8221;][et_pb_column type=&#8221;4_4&#8243; _builder_version=&#8221;4.21.2&#8243; _module_preset=&#8221;default&#8221; global_colors_info=&#8221;{}&#8221;][et_pb_text _builder_version=&#8221;4.21.2&#8243; _module_preset=&#8221;default&#8221; global_colors_info=&#8221;{}&#8221;]<\/p>\n<div class=\"flex-1 overflow-hidden\">\n<div class=\"react-scroll-to-bottom--css-lpxey-79elbk h-full\">\n<div class=\"react-scroll-to-bottom--css-lpxey-1n7m0yu\">\n<div class=\"flex flex-col text-sm pb-9\">\n<div class=\"w-full text-token-text-primary\" data-testid=\"conversation-turn-5\">\n<div class=\"px-4 py-2 justify-center text-base md:gap-6 m-auto\">\n<div class=\"flex flex-1 text-base mx-auto gap-3 md:px-5 lg:px-1 xl:px-5 md:max-w-3xl lg:max-w-[40rem] xl:max-w-[48rem] group final-completion\">\n<div class=\"relative flex w-full flex-col agent-turn\">\n<div class=\"flex-col gap-1 md:gap-3\">\n<div class=\"flex flex-grow flex-col max-w-full\">\n<div data-message-author-role=\"assistant\" data-message-id=\"e8e9dbc7-ace2-4884-9dfb-47eb09f509ef\" class=\"min-h-[20px] text-message flex flex-col items-start gap-3 whitespace-pre-wrap break-words [.text-message+&amp;]:mt-5 overflow-x-auto\">\n<div class=\"markdown prose w-full break-words dark:prose-invert light\">\n<p style=\"text-align: justify;\"><span style=\"color: #000000;\">Benvenuti al nostro B&amp;B a Barletta, dove l&#8217;avanguardia \u00e8 la parola d&#8217;ordine e il relax \u00e8 garantito.<\/span><\/p>\n<p style=\"text-align: justify;\"><span style=\"color: #000000;\">La nostra struttura incarna il concetto di modernit\u00e0, offrendovi un ambiente accogliente e contemporaneo dove poter trascorrere momenti di tranquillit\u00e0 e piacere. Situati in una posizione strategica, avrete a portata di mano ogni servizio di cui potreste avere bisogno durante il vostro soggiorno.<\/span><\/p>\n<p style=\"text-align: justify;\"><span style=\"color: #000000;\">Un punto di forza della nostra posizione \u00e8 la vicinanza alla stazione ferroviaria, la nostra struttura \u00e8 situata a pochi passi dalla stessa stazione, rendendo i vostri spostamenti comodi e veloci.<\/span><\/p>\n<p style=\"text-align: justify;\"><span style=\"color: #000000;\">Siamo sempre pronti ad accogliervi e ad assicurarvi un&#8217;esperienza indimenticabile durante la vostra permanenza a Barletta.<\/span><\/p>\n<p style=\"text-align: justify;\"><span style=\"color: #000000;\"><strong>Contattateci:<\/strong><\/span><\/p>\n<p style=\"text-align: justify;\"><span style=\"color: #000000;\">Per prenotare il vostro soggiorno, vi preghiamo di inviarci le date di permanenza e il numero di persone. Ci occuperemo personalmente di contattarvi per comunicarvi la disponibilit\u00e0 della struttura e per soddisfare ogni vostra richiesta.<\/span><\/p>\n<p style=\"text-align: justify;\"><span style=\"color: #000000;\">Non vediamo l&#8217;ora di darvi il benvenuto nel nostro B&amp;B Affittacamere e di rendere il vostro soggiorno a Barletta memorabile e piacevole in ogni dettaglio.<\/span><\/p>\n<\/div>\n<\/div>\n<\/div>\n<\/div>\n<\/div>\n<\/div>\n<\/div>\n<\/div>\n<\/div>\n<\/div>\n<\/div>\n<\/div>\n<div class=\"w-full pt-2 md:pt-0 dark:border-white\/20 md:border-transparent md:dark:border-transparent md:w-[calc(100%-.5rem)]\">\n<form class=\"stretch mx-2 flex flex-row gap-3 last:mb-2 md:mx-4 md:last:mb-6 lg:mx-auto lg:max-w-2xl xl:max-w-3xl\">\n<div class=\"relative flex h-full flex-1 flex-col\">\n<div class=\"flex w-full items-center\" style=\"text-align: justify;\"><\/div>\n<\/div>\n<\/form>\n<\/div>\n<p>[\/et_pb_text][\/et_pb_column][\/et_pb_row][\/et_pb_section]<\/p>\n","protected":false},"excerpt":{"rendered":"<p>Benvenuti al nostro B&amp;B a Barletta, dove l&#8217;avanguardia \u00e8 la parola d&#8217;ordine e il relax \u00e8 garantito. La nostra struttura incarna il concetto di modernit\u00e0, offrendovi un ambiente accogliente e contemporaneo dove poter trascorrere momenti di tranquillit\u00e0 e piacere. Situati in una posizione strategica, avrete a portata di mano ogni servizio di cui potreste avere [&hellip;]<\/p>\n","protected":false},"author":1,"featured_media":0,"parent":0,"menu_order":0,"comment_status":"closed","ping_status":"closed","template":"","meta":{"_et_pb_use_builder":"on","_et_pb_old_content":"","_et_gb_content_width":"","footnotes":""},"class_list":["post-277","page","type-page","status-publish","hentry"],"_links":{"self":[{"href":"https:\/\/binario1rooms.it\/index.php\/wp-json\/wp\/v2\/pages\/277","targetHints":{"allow":["GET"]}}],"collection":[{"href":"https:\/\/binario1rooms.it\/index.php\/wp-json\/wp\/v2\/pages"}],"about":[{"href":"https:\/\/binario1rooms.it\/index.php\/wp-json\/wp\/v2\/types\/page"}],"author":[{"embeddable":true,"href":"https:\/\/binario1rooms.it\/index.php\/wp-json\/wp\/v2\/users\/1"}],"replies":[{"embeddable":true,"href":"https:\/\/binario1rooms.it\/index.php\/wp-json\/wp\/v2\/comments?post=277"}],"version-history":[{"count":5,"href":"https:\/\/binario1rooms.it\/index.php\/wp-json\/wp\/v2\/pages\/277\/revisions"}],"predecessor-version":[{"id":517,"href":"https:\/\/binario1rooms.it\/index.php\/wp-json\/wp\/v2\/pages\/277\/revisions\/517"}],"wp:attachment":[{"href":"https:\/\/binario1rooms.it\/index.php\/wp-json\/wp\/v2\/media?parent=277"}],"curies":[{"name":"wp","href":"https:\/\/api.w.org\/{rel}","templated":true}]}}