{"id":269,"date":"2024-03-13T17:00:07","date_gmt":"2024-03-13T16:00:07","guid":{"rendered":"https:\/\/binario1rooms.it\/?page_id=269"},"modified":"2024-04-04T12:52:35","modified_gmt":"2024-04-04T10:52:35","slug":"cosa-vedere-a-barletta","status":"publish","type":"page","link":"https:\/\/binario1rooms.it\/index.php\/cosa-vedere-a-barletta\/","title":{"rendered":"Cosa vedere a Barletta"},"content":{"rendered":"<p>[et_pb_section fb_built=&#8221;1&#8243; admin_label=&#8221;section&#8221; _builder_version=&#8221;4.16&#8243; global_colors_info=&#8221;{}&#8221;][et_pb_row admin_label=&#8221;row&#8221; _builder_version=&#8221;4.21.2&#8243; background_size=&#8221;initial&#8221; background_position=&#8221;top_left&#8221; background_repeat=&#8221;repeat&#8221; global_colors_info=&#8221;{}&#8221;][et_pb_column type=&#8221;4_4&#8243; _builder_version=&#8221;4.16&#8243; custom_padding=&#8221;|||&#8221; global_colors_info=&#8221;{}&#8221; custom_padding__hover=&#8221;|||&#8221;][et_pb_text _builder_version=&#8221;4.21.2&#8243; _module_preset=&#8221;default&#8221; global_colors_info=&#8221;{}&#8221;]<\/p>\n<h1 style=\"text-align: center;\"><strong>Cosa vedere a Barletta<\/strong><\/h1>\n<p>[\/et_pb_text][et_pb_gallery gallery_ids=&#8221;471,470,469,468,467,466,465,481,482,549,550,569&#8243; fullwidth=&#8221;on&#8221; _builder_version=&#8221;4.24.3&#8243; _module_preset=&#8221;default&#8221; hover_enabled=&#8221;0&#8243; global_colors_info=&#8221;{}&#8221; sticky_enabled=&#8221;0&#8243;][\/et_pb_gallery][\/et_pb_column][\/et_pb_row][et_pb_row _builder_version=&#8221;4.21.2&#8243; _module_preset=&#8221;default&#8221; global_colors_info=&#8221;{}&#8221;][et_pb_column type=&#8221;4_4&#8243; _builder_version=&#8221;4.21.2&#8243; _module_preset=&#8221;default&#8221; global_colors_info=&#8221;{}&#8221;][et_pb_text admin_label=&#8221;Text&#8221; _builder_version=&#8221;4.21.2&#8243; background_size=&#8221;initial&#8221; background_position=&#8221;top_left&#8221; background_repeat=&#8221;repeat&#8221; global_colors_info=&#8221;{}&#8221;]<\/p>\n<p style=\"text-align: justify;\"><span style=\"color: #000000;\">Barletta, citt\u00e0 ricca di storia e fascino, offre ai suoi visitatori una ricca variet\u00e0 di monumenti e chiese che testimoniano il suo passato glorioso e la sua importanza culturale. <\/span><\/p>\n<p style=\"text-align: justify;\"><span style=\"color: #000000;\">Ecco alcuni luoghi imperdibili da visitare:<\/span><\/p>\n<ol>\n<li style=\"list-style-type: none;\">\n<ol>\n<li><span style=\"color: #000000;\"><strong>Castello Svevo<\/strong>: Maestoso e imponente, il Castello Svevo risale al XIII secolo e domina la citt\u00e0 con la sua imponenza. Un simbolo di potere e resistenza, \u00e8 stato teatro di importanti eventi storici.<\/span><\/li>\n<li><span style=\"color: #000000;\"><strong>Cattedrale di Santa Maria Maggiore<\/strong>: Una delle principali chiese della citt\u00e0, la Cattedrale di Santa Maria Maggiore risale al XII secolo e presenta un&#8217;imponente facciata romanica e un ricco interno barocco.<\/span><\/li>\n<li><span style=\"color: #000000;\"><strong>Colosso di Barletta<\/strong>: Situato nel cuore della citt\u00e0. Eraclio, il Colosso di Barletta \u00e8 una statua bronzee raffiguranti un guerriero e un imperatore romano.\u00a0<\/span><\/li>\n<li><span style=\"color: #000000;\"><strong>Chiesa del Santo Sepolcro<\/strong>: Risalente al XII secolo, questa chiesa \u00e8 nota per la sua architettura romanica e per ospitare al suo interno un pregevole ciclo di affreschi medievali.<\/span><\/li>\n<li><span style=\"color: #000000;\"><strong>Palazzo della Marra<\/strong>: Un esempio di architettura rinascimentale, il Palazzo della Marra \u00e8 una residenza nobiliare del XV secolo che oggi ospita mostre e eventi culturali.<\/span><\/li>\n<li><span style=\"color: #000000;\"><strong>Chiesa del Purgatorio<\/strong>: Costruita nel XVII secolo, la Chiesa del Purgatorio \u00e8 caratterizzata da una facciata barocca e conserva al suo interno opere d&#8217;arte di pregio.<\/span><\/li>\n<li><span style=\"color: #000000;\"><strong>Torre di Federico II<\/strong>: Risalente al XIII secolo, la Torre di Federico II \u00e8 una delle quattro torri che facevano parte del sistema difensivo della citt\u00e0. Offre una vista panoramica mozzafiato sulla citt\u00e0 e sul mare.<\/span><\/li>\n<li><span style=\"color: #000000;\"><strong>Chiesa di San Giacomo<\/strong>: Una delle pi\u00f9 antiche chiese di Barletta, la Chiesa di San Giacomo risale all&#8217;XI secolo e presenta un interessante stile architettonico romanico.<\/span><\/li>\n<li><span style=\"color: #000000;\"><strong>Teatro Curci<\/strong>: Inaugurato nel 1883, il Teatro Curci \u00e8 un elegante edificio in stile neoclassico che ospita spettacoli teatrali, concerti e eventi culturali.<\/span><\/li>\n<li><span style=\"color: #000000;\"><strong>Chiesa di San Sepolcro<\/strong>: Costruita nel XII secolo, la Chiesa di San Sepolcro \u00e8 un gioiello dell&#8217;architettura romanica e custodisce al suo interno pregevoli opere d&#8217;arte sacra.<\/span><\/li>\n<li><span style=\"color: #000000;\"><strong>Canne della Battaglia<\/strong>: A breve distanza da Barletta, puoi visitare il sito archeologico di Canne della Battaglia, dove si svolse la famosa Battaglia di Canne nel 216 a.C. Tra i resti archeologici ci sono le mura della citt\u00e0 antica e il teatro romano.<\/span><\/li>\n<li><span style=\"color: #000000;\"><strong>Mura di Barletta:<\/strong> Lungo il perimetro del centro storico, puoi ancora vedere tratti delle antiche mura difensive che circondavano la citt\u00e0.<\/span><\/li>\n<li><span style=\"color: #000000;\"><strong>Pinacoteca Giuseppe De Nittis<\/strong>: Questo museo ospita una ricca collezione di opere d&#8217;arte del pittore impressionista Giuseppe De Nittis, nativo di Barletta.<\/span><\/li>\n<li><span style=\"color: #000000;\"><strong>Spiaggia di Barletta (Lungomare Ponente \/ Levante)<\/strong>: Lungo la costa, puoi goderti una piacevole passeggiata lungo la spiaggia sabbiosa di Barletta o rilassarti prendendo il sole. <\/span><\/li>\n<\/ol>\n<\/li>\n<\/ol>\n<p><span style=\"color: #000000;\">Le <strong>spiaggie<\/strong> sono raggiungibili a piedi, con una piacevole passeggiata per le vie del centro, di circa 15 minuti.<\/span><\/p>\n<p><strong><span style=\"color: #000000;\">Il centro storico di Barletta dista circa 500 mt.<\/span><\/strong><\/p>\n<p style=\"text-align: justify;\"><span style=\"color: #000000;\">Questi sono solo alcuni dei monumenti e delle chiese che rendono Barletta una meta affascinante per chi ama immergersi nella storia e nell&#8217;arte. La citt\u00e0 offre molto di pi\u00f9 da scoprire, con le sue stradine pittoresche, le piazze animate e l&#8217;atmosfera unica che la caratterizza.<\/span><\/p>\n<p>[\/et_pb_text][et_pb_text _builder_version=&#8221;4.21.2&#8243; _module_preset=&#8221;default&#8221; global_colors_info=&#8221;{}&#8221;]<\/p>\n<p><a href=\"https:\/\/binario1rooms.it\/index.php\/distanze-monumenti-di-barletta-dal-bb\/\">Distanze<\/a><\/p>\n<p>[\/et_pb_text][\/et_pb_column][\/et_pb_row][\/et_pb_section]<\/p>\n","protected":false},"excerpt":{"rendered":"<p>Cosa vedere a BarlettaBarletta, citt\u00e0 ricca di storia e fascino, offre ai suoi visitatori una ricca variet\u00e0 di monumenti e chiese che testimoniano il suo passato glorioso e la sua importanza culturale. Ecco alcuni luoghi imperdibili da visitare: Castello Svevo: Maestoso e imponente, il Castello Svevo risale al XIII secolo e domina la citt\u00e0 con [&hellip;]<\/p>\n","protected":false},"author":1,"featured_media":0,"parent":0,"menu_order":0,"comment_status":"closed","ping_status":"closed","template":"","meta":{"_et_pb_use_builder":"on","_et_pb_old_content":"Barletta, citt\u00e0 ricca di storia e fascino, offre ai suoi visitatori una ricca variet\u00e0 di monumenti e chiese che testimoniano il suo passato glorioso e la sua importanza culturale. Ecco 10 luoghi imperdibili da visitare:\r\n<ol>\r\n \t<li><strong>Castello Svevo<\/strong>: Maestoso e imponente, il Castello Svevo risale al XIII secolo e domina la citt\u00e0 con la sua imponenza. Un simbolo di potere e resistenza, \u00e8 stato teatro di importanti eventi storici.<\/li>\r\n \t<li><strong>Cattedrale di Santa Maria Maggiore<\/strong>: Una delle principali chiese della citt\u00e0, la Cattedrale di Santa Maria Maggiore risale al XII secolo e presenta un'imponente facciata romanica e un ricco interno barocco.<\/li>\r\n \t<li><strong>Colossi di Barletta<\/strong>: Situati lungo il lungomare, i Colossi di Barletta sono due monumentali statue bronzee raffiguranti un guerriero e un imperatore romano. Sono legati alla leggenda della Disfida di Barletta.<\/li>\r\n \t<li><strong>Chiesa del Santo Sepolcro<\/strong>: Risalente al XII secolo, questa chiesa \u00e8 nota per la sua architettura romanica e per ospitare al suo interno un pregevole ciclo di affreschi medievali.<\/li>\r\n \t<li><strong>Palazzo della Marra<\/strong>: Un esempio di architettura rinascimentale, il Palazzo della Marra \u00e8 una residenza nobiliare del XV secolo che oggi ospita mostre e eventi culturali.<\/li>\r\n \t<li><strong>Chiesa del Purgatorio<\/strong>: Costruita nel XVII secolo, la Chiesa del Purgatorio \u00e8 caratterizzata da una facciata barocca e conserva al suo interno opere d'arte di pregio.<\/li>\r\n \t<li><strong>Torre di Federico II<\/strong>: Risalente al XIII secolo, la Torre di Federico II \u00e8 una delle quattro torri che facevano parte del sistema difensivo della citt\u00e0. Offre una vista panoramica mozzafiato sulla citt\u00e0 e sul mare.<\/li>\r\n \t<li><strong>Chiesa di San Giacomo<\/strong>: Una delle pi\u00f9 antiche chiese di Barletta, la Chiesa di San Giacomo risale all'XI secolo e presenta un interessante stile architettonico romanico.<\/li>\r\n \t<li><strong>Teatro Curci<\/strong>: Inaugurato nel 1883, il Teatro Curci \u00e8 un elegante edificio in stile neoclassico che ospita spettacoli teatrali, concerti e eventi culturali.<\/li>\r\n \t<li><strong>Chiesa di San Sepolcro<\/strong>: Costruita nel XII secolo, la Chiesa di San Sepolcro \u00e8 un gioiello dell'architettura romanica e custodisce al suo interno pregevoli opere d'arte sacra.<\/li>\r\n<\/ol>\r\nQuesti sono solo alcuni dei monumenti e delle chiese che rendono Barletta una meta affascinante per chi ama immergersi nella storia e nell'arte. La citt\u00e0 offre molto di pi\u00f9 da scoprire, con le sue stradine pittoresche, le piazze animate e l'atmosfera unica che la caratterizza.","_et_gb_content_width":"","footnotes":""},"class_list":["post-269","page","type-page","status-publish","hentry"],"_links":{"self":[{"href":"https:\/\/binario1rooms.it\/index.php\/wp-json\/wp\/v2\/pages\/269","targetHints":{"allow":["GET"]}}],"collection":[{"href":"https:\/\/binario1rooms.it\/index.php\/wp-json\/wp\/v2\/pages"}],"about":[{"href":"https:\/\/binario1rooms.it\/index.php\/wp-json\/wp\/v2\/types\/page"}],"author":[{"embeddable":true,"href":"https:\/\/binario1rooms.it\/index.php\/wp-json\/wp\/v2\/users\/1"}],"replies":[{"embeddable":true,"href":"https:\/\/binario1rooms.it\/index.php\/wp-json\/wp\/v2\/comments?post=269"}],"version-history":[{"count":15,"href":"https:\/\/binario1rooms.it\/index.php\/wp-json\/wp\/v2\/pages\/269\/revisions"}],"predecessor-version":[{"id":570,"href":"https:\/\/binario1rooms.it\/index.php\/wp-json\/wp\/v2\/pages\/269\/revisions\/570"}],"wp:attachment":[{"href":"https:\/\/binario1rooms.it\/index.php\/wp-json\/wp\/v2\/media?parent=269"}],"curies":[{"name":"wp","href":"https:\/\/api.w.org\/{rel}","templated":true}]}}